{"id":147,"date":"2023-08-06T18:57:31","date_gmt":"2023-08-06T18:57:31","guid":{"rendered":"https:\/\/masajes.rebadise.com\/?page_id=147"},"modified":"2023-09-26T22:12:06","modified_gmt":"2023-09-26T22:12:06","slug":"e-book-tecnicas-del-masaje","status":"publish","type":"page","link":"https:\/\/masajes.rebadise.com\/index.php\/e-book-tecnicas-del-masaje\/","title":{"rendered":"E-book T\u00e9cnicas del Masaje"},"content":{"rendered":"\t\t<div data-elementor-type=\"wp-page\" data-elementor-id=\"147\" class=\"elementor elementor-147\" data-elementor-post-type=\"page\">\n\t\t\t\t<div class=\"elementor-element elementor-element-7ee7f19 e-flex e-con-boxed e-con e-parent\" data-id=\"7ee7f19\" data-element_type=\"container\">\n\t\t\t\t\t<div class=\"e-con-inner\">\n\t\t\t\t<div class=\"elementor-element elementor-element-8216b26 elementor-widget elementor-widget-image\" data-id=\"8216b26\" data-element_type=\"widget\" data-widget_type=\"image.default\">\n\t\t\t\t<div class=\"elementor-widget-container\">\n\t\t\t\t\t\t\t\t\t\t\t\t\t\t\t<img fetchpriority=\"high\" decoding=\"async\" width=\"214\" height=\"300\" src=\"https:\/\/masajes.rebadise.com\/wp-content\/uploads\/2023\/08\/E-book-Tecnicas-del-Masaje-214x300.png\" class=\"attachment-medium size-medium wp-image-150\" alt=\"E book Tecnicas del Masaje\" srcset=\"https:\/\/masajes.rebadise.com\/wp-content\/uploads\/2023\/08\/E-book-Tecnicas-del-Masaje-214x300.png 214w, https:\/\/masajes.rebadise.com\/wp-content\/uploads\/2023\/08\/E-book-Tecnicas-del-Masaje-732x1024.png 732w, https:\/\/masajes.rebadise.com\/wp-content\/uploads\/2023\/08\/E-book-Tecnicas-del-Masaje-768x1075.png 768w, https:\/\/masajes.rebadise.com\/wp-content\/uploads\/2023\/08\/E-book-Tecnicas-del-Masaje.png 938w\" sizes=\"(max-width: 214px) 100vw, 214px\" \/>\t\t\t\t\t\t\t\t\t\t\t\t\t\t\t<\/div>\n\t\t\t\t<\/div>\n\t\t\t\t<div class=\"elementor-element elementor-element-1d00c16 elementor-widget elementor-widget-text-editor\" data-id=\"1d00c16\" data-element_type=\"widget\" data-widget_type=\"text-editor.default\">\n\t\t\t\t<div class=\"elementor-widget-container\">\n\t\t\t\t\t\t\t\t\t<h2 style=\"text-align: center;\"><span style=\"color: #ff6600;\">Descargar GRATIS E-book T\u00e9cnicas de Masaje<\/span><\/h2>\t\t\t\t\t\t\t\t<\/div>\n\t\t\t\t<\/div>\n\t\t\t\t<div class=\"elementor-element elementor-element-18f192e elementor-widget elementor-widget-text-editor\" data-id=\"18f192e\" data-element_type=\"widget\" data-widget_type=\"text-editor.default\">\n\t\t\t\t<div class=\"elementor-widget-container\">\n\t\t\t\t\t\t\t\t\t<p>Escribe t\u00fa nombre y correo electr\u00f3nico, para descargar el E-Book GRATIS.<\/p>\t\t\t\t\t\t\t\t<\/div>\n\t\t\t\t<\/div>\n\t\t\t\t\t<\/div>\n\t\t\t\t<\/div>\n\t\t<div class=\"elementor-element elementor-element-6809b99 e-flex e-con-boxed e-con e-parent\" data-id=\"6809b99\" data-element_type=\"container\">\n\t\t\t\t\t<div class=\"e-con-inner\">\n\t\t\t\t<div class=\"elementor-element elementor-element-815a511 elementor-widget elementor-widget-wpforms\" data-id=\"815a511\" data-element_type=\"widget\" data-widget_type=\"wpforms.default\">\n\t\t\t\t<div class=\"elementor-widget-container\">\n\t\t\t\t\t<div class=\"wpforms-container wpforms-container-full wpforms-block wpforms-block-207211ff-c733-4df6-8c45-37e674049aa2\" id=\"wpforms-141\"><form id=\"wpforms-form-141\" class=\"wpforms-validate wpforms-form wpforms-ajax-form\" data-formid=\"141\" method=\"post\" enctype=\"multipart\/form-data\" action=\"\/index.php\/wp-json\/wp\/v2\/pages\/147\" data-token=\"8cf5bcff9bb152de0f0e269c9c0a393a\" data-token-time=\"1778243635\"><noscript class=\"wpforms-error-noscript\">Please enable JavaScript in your browser to complete this form.<\/noscript><div class=\"wpforms-field-container\"><div id=\"wpforms-141-field_0-container\" class=\"wpforms-field wpforms-field-name\" data-field-id=\"0\"><label class=\"wpforms-field-label wpforms-label-hide\" for=\"wpforms-141-field_0\">Nombre <span class=\"wpforms-required-label\">*<\/span><\/label><input type=\"text\" id=\"wpforms-141-field_0\" class=\"wpforms-field-medium wpforms-field-required\" name=\"wpforms[fields][0]\" placeholder=\"Nombre\" required><\/div><div id=\"wpforms-141-field_1-container\" class=\"wpforms-field wpforms-field-email\" data-field-id=\"1\"><label class=\"wpforms-field-label wpforms-label-hide\" for=\"wpforms-141-field_1\">Correo electr\u00f3nico <span class=\"wpforms-required-label\">*<\/span><\/label><input type=\"email\" id=\"wpforms-141-field_1\" class=\"wpforms-field-medium wpforms-field-required\" name=\"wpforms[fields][1]\" placeholder=\"E-mail\" spellcheck=\"false\" required><\/div><div id=\"wpforms-141-field_3-container\" class=\"wpforms-field wpforms-field-gdpr-checkbox\" data-field-id=\"3\"><label class=\"wpforms-field-label wpforms-label-hide\">Acuerdo RGPD <span class=\"wpforms-required-label\">*<\/span><\/label><ul id=\"wpforms-141-field_3\" class=\"wpforms-field-required\"><li class=\"choice-1\"><input type=\"checkbox\" id=\"wpforms-141-field_3_1\" name=\"wpforms[fields][3][]\" value=\"Doy mi consentimiento para que esta web almacene la informaci\u00f3n que env\u00edo para que puedan responder a mi petici\u00f3n.\" required ><label class=\"wpforms-field-label-inline\" for=\"wpforms-141-field_3_1\">Doy mi consentimiento para que esta web almacene la informaci\u00f3n que env\u00edo para que puedan responder a mi petici\u00f3n. <span class=\"wpforms-required-label\">*<\/span><\/label><\/li><\/ul><\/div><\/div><!-- .wpforms-field-container --><div class=\"wpforms-submit-container\" ><input type=\"hidden\" name=\"wpforms[id]\" value=\"141\"><input type=\"hidden\" name=\"page_title\" value=\"\"><input type=\"hidden\" name=\"page_url\" value=\"https:\/\/masajes.rebadise.com\/index.php\/wp-json\/wp\/v2\/pages\/147\"><input type=\"hidden\" name=\"url_referer\" value=\"\"><button type=\"submit\" name=\"wpforms[submit]\" id=\"wpforms-submit-141\" class=\"wpforms-submit\" data-alt-text=\"Enviando...\" data-submit-text=\"Descargar E-book\" aria-live=\"assertive\" value=\"wpforms-submit\">Descargar E-book<\/button><img decoding=\"async\" src=\"https:\/\/masajes.rebadise.com\/wp-content\/plugins\/wpforms-lite\/assets\/images\/submit-spin.svg\" class=\"wpforms-submit-spinner\" style=\"display: none;\" width=\"26\" height=\"26\" alt=\"Loading\"><\/div><\/form><\/div>  <!-- .wpforms-container -->\t\t\t\t<\/div>\n\t\t\t\t<\/div>\n\t\t\t\t<div class=\"elementor-element elementor-element-ef6294e elementor-widget elementor-widget-text-editor\" data-id=\"ef6294e\" data-element_type=\"widget\" data-widget_type=\"text-editor.default\">\n\t\t\t\t<div class=\"elementor-widget-container\">\n\t\t\t\t\t\t\t\t\t<p>\u00a1Convi\u00e9rtete en un Experto del Masaje Profesional!<\/p>\n<p>\u00bfAlguna vez has so\u00f1ado con una carrera donde puedas brindar bienestar y alivio a otros? Nuestro curso de masajes profesionales es tu boleto hacia esa emocionante oportunidad.<\/p>\n<p>Aprender\u00e1s las t\u00e9cnicas m\u00e1s avanzadas, desde masajes terap\u00e9uticos hasta relajantes. Descubrir\u00e1s los secretos de la anatom\u00eda humana y c\u00f3mo aliviar el estr\u00e9s y la tensi\u00f3n en los dem\u00e1s.<\/p>\n<p>\u00a1No dejes pasar esta oportunidad de dar un giro positivo a tu vida! Haz clic en el enlace y descubre c\u00f3mo nuestro curso de masajes profesionales puede abrir las puertas a una carrera gratificante y lucrativa. Tu futuro te est\u00e1 esperando. \u00a1Inicia tu camino hacia el \u00e9xito hoy mismo!<\/p>\t\t\t\t\t\t\t\t<\/div>\n\t\t\t\t<\/div>\n\t\t\t\t<div class=\"elementor-element elementor-element-91fd631 elementor-widget elementor-widget-image\" data-id=\"91fd631\" data-element_type=\"widget\" data-widget_type=\"image.default\">\n\t\t\t\t<div class=\"elementor-widget-container\">\n\t\t\t\t\t\t\t\t\t\t\t\t\t\t\t\t<a href=\"https:\/\/masajes.rebadise.com\/index.php\/curso-de-masajes-profesionales\/\">\n\t\t\t\t\t\t\t<img decoding=\"async\" width=\"600\" height=\"240\" src=\"https:\/\/masajes.rebadise.com\/wp-content\/uploads\/2023\/08\/portada-principal-masajes-profesionales-1.png\" class=\"attachment-large size-large wp-image-223\" alt=\"curso para masajes profesionales relajantes\" srcset=\"https:\/\/masajes.rebadise.com\/wp-content\/uploads\/2023\/08\/portada-principal-masajes-profesionales-1.png 600w, https:\/\/masajes.rebadise.com\/wp-content\/uploads\/2023\/08\/portada-principal-masajes-profesionales-1-300x120.png 300w\" sizes=\"(max-width: 600px) 100vw, 600px\" \/>\t\t\t\t\t\t\t\t<\/a>\n\t\t\t\t\t\t\t\t\t\t\t\t\t\t\t<\/div>\n\t\t\t\t<\/div>\n\t\t\t\t<div class=\"elementor-element elementor-element-498e0e9 elementor-widget elementor-widget-image\" data-id=\"498e0e9\" data-element_type=\"widget\" data-widget_type=\"image.default\">\n\t\t\t\t<div class=\"elementor-widget-container\">\n\t\t\t\t\t\t\t\t\t\t\t\t\t\t\t<img loading=\"lazy\" decoding=\"async\" width=\"750\" height=\"53\" src=\"https:\/\/masajes.rebadise.com\/wp-content\/uploads\/2023\/08\/PIE-DE-pagina-masajes-profesionales-1024x72.png\" class=\"attachment-large size-large wp-image-57\" alt=\"PIE DE pagina masajes profesionales\" srcset=\"https:\/\/masajes.rebadise.com\/wp-content\/uploads\/2023\/08\/PIE-DE-pagina-masajes-profesionales-1024x72.png 1024w, https:\/\/masajes.rebadise.com\/wp-content\/uploads\/2023\/08\/PIE-DE-pagina-masajes-profesionales-300x21.png 300w, https:\/\/masajes.rebadise.com\/wp-content\/uploads\/2023\/08\/PIE-DE-pagina-masajes-profesionales-768x54.png 768w, https:\/\/masajes.rebadise.com\/wp-content\/uploads\/2023\/08\/PIE-DE-pagina-masajes-profesionales-1536x108.png 1536w, https:\/\/masajes.rebadise.com\/wp-content\/uploads\/2023\/08\/PIE-DE-pagina-masajes-profesionales-2048x144.png 2048w\" sizes=\"(max-width: 750px) 100vw, 750px\" \/>\t\t\t\t\t\t\t\t\t\t\t\t\t\t\t<\/div>\n\t\t\t\t<\/div>\n\t\t\t\t\t<\/div>\n\t\t\t\t<\/div>\n\t\t\t\t<section class=\"elementor-section elementor-top-section elementor-element elementor-element-3f658b33 elementor-section-boxed elementor-section-height-default elementor-section-height-default\" data-id=\"3f658b33\" data-element_type=\"section\">\n\t\t\t\t\t\t<div class=\"elementor-container elementor-column-gap-default\">\n\t\t\t\t\t<div class=\"elementor-column elementor-col-100 elementor-top-column elementor-element elementor-element-1bd25f67\" data-id=\"1bd25f67\" data-element_type=\"column\">\n\t\t\t<div class=\"elementor-widget-wrap elementor-element-populated\">\n\t\t\t\t\t\t<div class=\"elementor-element elementor-element-60e9da02 elementor-widget elementor-widget-text-editor\" data-id=\"60e9da02\" data-element_type=\"widget\" data-widget_type=\"text-editor.default\">\n\t\t\t\t<div class=\"elementor-widget-container\">\n\t\t\t\t\t\t\t\t\t\t\t\t\t\t\t\t\t<\/div>\n\t\t\t\t<\/div>\n\t\t\t\t\t<\/div>\n\t\t<\/div>\n\t\t\t\t\t<\/div>\n\t\t<\/section>\n\t\t<div class=\"elementor-element elementor-element-c30238c e-flex e-con-boxed e-con e-parent\" data-id=\"c30238c\" data-element_type=\"container\">\n\t\t\t\t\t<div class=\"e-con-inner\">\n\t\t\t\t<div class=\"elementor-element elementor-element-37bd96f elementor-widget elementor-widget-wp-widget-recent-posts\" data-id=\"37bd96f\" data-element_type=\"widget\" data-widget_type=\"wp-widget-recent-posts.default\">\n\t\t\t\t<div class=\"elementor-widget-container\">\n\t\t\t\t\t\n\t\t\n\t\t<h5>Recent Posts<\/h5>\n\t\t<ul>\n\t\t\t\t\t\t\t\t\t\t\t<li>\n\t\t\t\t\t<a href=\"https:\/\/masajes.rebadise.com\/index.php\/aromaterapia-y-aceites-esenciales\/\">Aromaterapia y Aceites Esenciales<\/a>\n\t\t\t\t\t\t\t\t\t<\/li>\n\t\t\t\t\t\t\t\t\t\t\t<li>\n\t\t\t\t\t<a href=\"https:\/\/masajes.rebadise.com\/index.php\/masaje-deportivo\/\">Masaje deportivo<\/a>\n\t\t\t\t\t\t\t\t\t<\/li>\n\t\t\t\t\t\t\t\t\t\t\t<li>\n\t\t\t\t\t<a href=\"https:\/\/masajes.rebadise.com\/index.php\/fisioterapia\/\">\u00bfQu\u00e9 es la fisioterapia?<\/a>\n\t\t\t\t\t\t\t\t\t<\/li>\n\t\t\t\t\t\t\t\t\t\t\t<li>\n\t\t\t\t\t<a href=\"https:\/\/masajes.rebadise.com\/index.php\/masaje-shiatsu\/\">Masaje shiatsu: \u00bfqu\u00e9 es?<\/a>\n\t\t\t\t\t\t\t\t\t<\/li>\n\t\t\t\t\t\t\t\t\t\t\t<li>\n\t\t\t\t\t<a href=\"https:\/\/masajes.rebadise.com\/index.php\/masaje-californiano\/\">\u00bfQu\u00e9 es el masaje californiano?<\/a>\n\t\t\t\t\t\t\t\t\t<\/li>\n\t\t\t\t\t<\/ul>\n\n\t\t\t\t\t\t<\/div>\n\t\t\t\t<\/div>\n\t\t\t\t\t<\/div>\n\t\t\t\t<\/div>\n\t\t\t\t<\/div>\n\t\t","protected":false},"excerpt":{"rendered":"<p>Descargar GRATIS E-book T\u00e9cnicas de Masaje Escribe t\u00fa nombre y correo electr\u00f3nico, para descargar el E-Book GRATIS. Por favor, activa JavaScript en tu navegador para completar este formulario.Nombre *Correo electr\u00f3nico *Acuerdo RGPD * Doy mi consentimiento para que esta web almacene la informaci\u00f3n que env\u00edo para que puedan responder a [&hellip;]<\/p>\n","protected":false},"author":1,"featured_media":0,"parent":0,"menu_order":0,"comment_status":"closed","ping_status":"closed","template":"","meta":{"footnotes":""},"class_list":["post-147","page","type-page","status-publish","hentry"],"yoast_head":"<!-- This site is optimized with the Yoast SEO plugin v26.8 - https:\/\/yoast.com\/product\/yoast-seo-wordpress\/ -->\n<title>E-book T\u00e9cnicas del Masaje - Masajes Pro<\/title>\n<meta name=\"description\" content=\"Formulario para E-book T\u00e9cnicas del Masaje, para aquellas personas que est\u00e1n practicando para ser un masajista.\" \/>\n<meta name=\"robots\" content=\"index, follow, max-snippet:-1, max-image-preview:large, max-video-preview:-1\" \/>\n<link rel=\"canonical\" href=\"https:\/\/masajes.rebadise.com\/index.php\/e-book-tecnicas-del-masaje\/\" \/>\n<meta property=\"og:locale\" content=\"en_US\" \/>\n<meta property=\"og:type\" content=\"article\" \/>\n<meta property=\"og:title\" content=\"E-book T\u00e9cnicas del Masaje - Masajes Pro\" \/>\n<meta property=\"og:description\" content=\"Formulario para E-book T\u00e9cnicas del Masaje, para aquellas personas que est\u00e1n practicando para ser un masajista.\" \/>\n<meta property=\"og:url\" content=\"https:\/\/masajes.rebadise.com\/index.php\/e-book-tecnicas-del-masaje\/\" \/>\n<meta property=\"og:site_name\" content=\"Masajes Pro\" \/>\n<meta property=\"article:modified_time\" content=\"2023-09-26T22:12:06+00:00\" \/>\n<meta property=\"og:image\" content=\"https:\/\/masajes.rebadise.com\/wp-content\/uploads\/2023\/08\/E-book-Tecnicas-del-Masaje-214x300.png\" \/>\n<meta name=\"twitter:card\" content=\"summary_large_image\" \/>\n<meta name=\"twitter:label1\" content=\"Est. reading time\" \/>\n\t<meta name=\"twitter:data1\" content=\"2 minutes\" \/>\n<script type=\"application\/ld+json\" class=\"yoast-schema-graph\">{\"@context\":\"https:\/\/schema.org\",\"@graph\":[{\"@type\":\"WebPage\",\"@id\":\"https:\/\/masajes.rebadise.com\/index.php\/e-book-tecnicas-del-masaje\/\",\"url\":\"https:\/\/masajes.rebadise.com\/index.php\/e-book-tecnicas-del-masaje\/\",\"name\":\"E-book T\u00e9cnicas del Masaje - Masajes Pro\",\"isPartOf\":{\"@id\":\"https:\/\/masajes.rebadise.com\/#website\"},\"primaryImageOfPage\":{\"@id\":\"https:\/\/masajes.rebadise.com\/index.php\/e-book-tecnicas-del-masaje\/#primaryimage\"},\"image\":{\"@id\":\"https:\/\/masajes.rebadise.com\/index.php\/e-book-tecnicas-del-masaje\/#primaryimage\"},\"thumbnailUrl\":\"https:\/\/masajes.rebadise.com\/wp-content\/uploads\/2023\/08\/E-book-Tecnicas-del-Masaje-214x300.png\",\"datePublished\":\"2023-08-06T18:57:31+00:00\",\"dateModified\":\"2023-09-26T22:12:06+00:00\",\"description\":\"Formulario para E-book T\u00e9cnicas del Masaje, para aquellas personas que est\u00e1n practicando para ser un masajista.\",\"breadcrumb\":{\"@id\":\"https:\/\/masajes.rebadise.com\/index.php\/e-book-tecnicas-del-masaje\/#breadcrumb\"},\"inLanguage\":\"en-US\",\"potentialAction\":[{\"@type\":\"ReadAction\",\"target\":[\"https:\/\/masajes.rebadise.com\/index.php\/e-book-tecnicas-del-masaje\/\"]}]},{\"@type\":\"ImageObject\",\"inLanguage\":\"en-US\",\"@id\":\"https:\/\/masajes.rebadise.com\/index.php\/e-book-tecnicas-del-masaje\/#primaryimage\",\"url\":\"https:\/\/masajes.rebadise.com\/wp-content\/uploads\/2023\/08\/E-book-Tecnicas-del-Masaje.png\",\"contentUrl\":\"https:\/\/masajes.rebadise.com\/wp-content\/uploads\/2023\/08\/E-book-Tecnicas-del-Masaje.png\",\"width\":938,\"height\":1313,\"caption\":\"E book Tecnicas del Masaje\"},{\"@type\":\"BreadcrumbList\",\"@id\":\"https:\/\/masajes.rebadise.com\/index.php\/e-book-tecnicas-del-masaje\/#breadcrumb\",\"itemListElement\":[{\"@type\":\"ListItem\",\"position\":1,\"name\":\"Portada\",\"item\":\"https:\/\/masajes.rebadise.com\/\"},{\"@type\":\"ListItem\",\"position\":2,\"name\":\"E-book T\u00e9cnicas del Masaje\"}]},{\"@type\":\"WebSite\",\"@id\":\"https:\/\/masajes.rebadise.com\/#website\",\"url\":\"https:\/\/masajes.rebadise.com\/\",\"name\":\"Masajes Pro\",\"description\":\"Masajes Profesionales\",\"publisher\":{\"@id\":\"https:\/\/masajes.rebadise.com\/#\/schema\/person\/3457cc27581aed5fbeccc1cc104a5c08\"},\"potentialAction\":[{\"@type\":\"SearchAction\",\"target\":{\"@type\":\"EntryPoint\",\"urlTemplate\":\"https:\/\/masajes.rebadise.com\/?s={search_term_string}\"},\"query-input\":{\"@type\":\"PropertyValueSpecification\",\"valueRequired\":true,\"valueName\":\"search_term_string\"}}],\"inLanguage\":\"en-US\"},{\"@type\":[\"Person\",\"Organization\"],\"@id\":\"https:\/\/masajes.rebadise.com\/#\/schema\/person\/3457cc27581aed5fbeccc1cc104a5c08\",\"name\":\"rebadise\",\"image\":{\"@type\":\"ImageObject\",\"inLanguage\":\"en-US\",\"@id\":\"https:\/\/masajes.rebadise.com\/#\/schema\/person\/image\/\",\"url\":\"https:\/\/masajes.rebadise.com\/wp-content\/uploads\/2023\/08\/logo-2.png\",\"contentUrl\":\"https:\/\/masajes.rebadise.com\/wp-content\/uploads\/2023\/08\/logo-2.png\",\"width\":1052,\"height\":713,\"caption\":\"rebadise\"},\"logo\":{\"@id\":\"https:\/\/masajes.rebadise.com\/#\/schema\/person\/image\/\"},\"sameAs\":[\"https:\/\/masajes.rebadise.com\"]}]}<\/script>\n<!-- \/ Yoast SEO plugin. -->","yoast_head_json":{"title":"E-book T\u00e9cnicas del Masaje - Masajes Pro","description":"Formulario para E-book T\u00e9cnicas del Masaje, para aquellas personas que est\u00e1n practicando para ser un masajista.","robots":{"index":"index","follow":"follow","max-snippet":"max-snippet:-1","max-image-preview":"max-image-preview:large","max-video-preview":"max-video-preview:-1"},"canonical":"https:\/\/masajes.rebadise.com\/index.php\/e-book-tecnicas-del-masaje\/","og_locale":"en_US","og_type":"article","og_title":"E-book T\u00e9cnicas del Masaje - Masajes Pro","og_description":"Formulario para E-book T\u00e9cnicas del Masaje, para aquellas personas que est\u00e1n practicando para ser un masajista.","og_url":"https:\/\/masajes.rebadise.com\/index.php\/e-book-tecnicas-del-masaje\/","og_site_name":"Masajes Pro","article_modified_time":"2023-09-26T22:12:06+00:00","og_image":[{"url":"https:\/\/masajes.rebadise.com\/wp-content\/uploads\/2023\/08\/E-book-Tecnicas-del-Masaje-214x300.png","type":"","width":"","height":""}],"twitter_card":"summary_large_image","twitter_misc":{"Est. reading time":"2 minutes"},"schema":{"@context":"https:\/\/schema.org","@graph":[{"@type":"WebPage","@id":"https:\/\/masajes.rebadise.com\/index.php\/e-book-tecnicas-del-masaje\/","url":"https:\/\/masajes.rebadise.com\/index.php\/e-book-tecnicas-del-masaje\/","name":"E-book T\u00e9cnicas del Masaje - Masajes Pro","isPartOf":{"@id":"https:\/\/masajes.rebadise.com\/#website"},"primaryImageOfPage":{"@id":"https:\/\/masajes.rebadise.com\/index.php\/e-book-tecnicas-del-masaje\/#primaryimage"},"image":{"@id":"https:\/\/masajes.rebadise.com\/index.php\/e-book-tecnicas-del-masaje\/#primaryimage"},"thumbnailUrl":"https:\/\/masajes.rebadise.com\/wp-content\/uploads\/2023\/08\/E-book-Tecnicas-del-Masaje-214x300.png","datePublished":"2023-08-06T18:57:31+00:00","dateModified":"2023-09-26T22:12:06+00:00","description":"Formulario para E-book T\u00e9cnicas del Masaje, para aquellas personas que est\u00e1n practicando para ser un masajista.","breadcrumb":{"@id":"https:\/\/masajes.rebadise.com\/index.php\/e-book-tecnicas-del-masaje\/#breadcrumb"},"inLanguage":"en-US","potentialAction":[{"@type":"ReadAction","target":["https:\/\/masajes.rebadise.com\/index.php\/e-book-tecnicas-del-masaje\/"]}]},{"@type":"ImageObject","inLanguage":"en-US","@id":"https:\/\/masajes.rebadise.com\/index.php\/e-book-tecnicas-del-masaje\/#primaryimage","url":"https:\/\/masajes.rebadise.com\/wp-content\/uploads\/2023\/08\/E-book-Tecnicas-del-Masaje.png","contentUrl":"https:\/\/masajes.rebadise.com\/wp-content\/uploads\/2023\/08\/E-book-Tecnicas-del-Masaje.png","width":938,"height":1313,"caption":"E book Tecnicas del Masaje"},{"@type":"BreadcrumbList","@id":"https:\/\/masajes.rebadise.com\/index.php\/e-book-tecnicas-del-masaje\/#breadcrumb","itemListElement":[{"@type":"ListItem","position":1,"name":"Portada","item":"https:\/\/masajes.rebadise.com\/"},{"@type":"ListItem","position":2,"name":"E-book T\u00e9cnicas del Masaje"}]},{"@type":"WebSite","@id":"https:\/\/masajes.rebadise.com\/#website","url":"https:\/\/masajes.rebadise.com\/","name":"Masajes Pro","description":"Masajes Profesionales","publisher":{"@id":"https:\/\/masajes.rebadise.com\/#\/schema\/person\/3457cc27581aed5fbeccc1cc104a5c08"},"potentialAction":[{"@type":"SearchAction","target":{"@type":"EntryPoint","urlTemplate":"https:\/\/masajes.rebadise.com\/?s={search_term_string}"},"query-input":{"@type":"PropertyValueSpecification","valueRequired":true,"valueName":"search_term_string"}}],"inLanguage":"en-US"},{"@type":["Person","Organization"],"@id":"https:\/\/masajes.rebadise.com\/#\/schema\/person\/3457cc27581aed5fbeccc1cc104a5c08","name":"rebadise","image":{"@type":"ImageObject","inLanguage":"en-US","@id":"https:\/\/masajes.rebadise.com\/#\/schema\/person\/image\/","url":"https:\/\/masajes.rebadise.com\/wp-content\/uploads\/2023\/08\/logo-2.png","contentUrl":"https:\/\/masajes.rebadise.com\/wp-content\/uploads\/2023\/08\/logo-2.png","width":1052,"height":713,"caption":"rebadise"},"logo":{"@id":"https:\/\/masajes.rebadise.com\/#\/schema\/person\/image\/"},"sameAs":["https:\/\/masajes.rebadise.com"]}]}},"_links":{"self":[{"href":"https:\/\/masajes.rebadise.com\/index.php\/wp-json\/wp\/v2\/pages\/147","targetHints":{"allow":["GET"]}}],"collection":[{"href":"https:\/\/masajes.rebadise.com\/index.php\/wp-json\/wp\/v2\/pages"}],"about":[{"href":"https:\/\/masajes.rebadise.com\/index.php\/wp-json\/wp\/v2\/types\/page"}],"author":[{"embeddable":true,"href":"https:\/\/masajes.rebadise.com\/index.php\/wp-json\/wp\/v2\/users\/1"}],"replies":[{"embeddable":true,"href":"https:\/\/masajes.rebadise.com\/index.php\/wp-json\/wp\/v2\/comments?post=147"}],"version-history":[{"count":14,"href":"https:\/\/masajes.rebadise.com\/index.php\/wp-json\/wp\/v2\/pages\/147\/revisions"}],"predecessor-version":[{"id":469,"href":"https:\/\/masajes.rebadise.com\/index.php\/wp-json\/wp\/v2\/pages\/147\/revisions\/469"}],"wp:attachment":[{"href":"https:\/\/masajes.rebadise.com\/index.php\/wp-json\/wp\/v2\/media?parent=147"}],"curies":[{"name":"wp","href":"https:\/\/api.w.org\/{rel}","templated":true}]}}